{"id":669,"date":"2018-08-14T10:28:14","date_gmt":"2018-08-14T10:28:14","guid":{"rendered":"https:\/\/institutotapia.com\/politica-de-privacidad\/"},"modified":"2018-11-26T23:43:23","modified_gmt":"2018-11-26T23:43:23","slug":"politica-de-privadesa","status":"publish","type":"page","link":"https:\/\/institutotapia.com\/ca\/politica-de-privadesa\/","title":{"rendered":"Pol\u00edtica de privadesa"},"content":{"rendered":"<p>INSTITUT TAPIA SLP (d&#8217;ara endavant INSTITUT TAPIA), t\u00e9 com a objectiu respectar la privadesa dels seus usuaris i protegir les dades de car\u00e0cter personal que aquests puguin facilitar a trav\u00e9s dels formularis facilitats en o a trav\u00e9s de qualsevol forma de contacte referida a la p\u00e0gina web.<\/p>\n<p>L&#8217;usuari consent expressa i inequ\u00edvocament que aquelles dades de car\u00e0cter personal que siguin facilitats arran de les comunicacions amb INSTITUT TAPIA siguin incorporats en els fitxers dels quals \u00e9s titular aix\u00ed com al tractament automatitzat, o no, d&#8217;aquells amb les seg\u00fcents finalitats:<\/p>\n<ul>\n<li>Gestionar el motiu del seu contacte.<\/li>\n<li>Prestaci\u00f3 del servei que ens hagi sol\u00b7licitat.<\/li>\n<li>Remissi\u00f3 de comunicacions comercials, promocionals o publicit\u00e0ries, incloent-se l&#8217;enviament de Newsletter en les condicions que s&#8217;exposaran a l&#8217;apartat corresponent si l&#8217;usuari ho ha sol\u00b7licitat.<\/li>\n<\/ul>\n<p>INSTITUT TAPIA li informa que ha adoptat les mesures de seguretat d&#8217;\u00edndole t\u00e8cniques i organitzatives necess\u00e0ries per garantir la seguretat i integritat de les dades, aix\u00ed com per evitar la seva p\u00e8rdua, tractament o acc\u00e9s no autoritzat conforme a la legislaci\u00f3 vigent en mat\u00e8ria de protecci\u00f3 de dades tenint en compte de l&#8217;estat de la tecnologia i la naturalesa de les dades emmagatzemades.<\/p>\n<p>Aquest consentiment pot ser revocat i per aix\u00f2 els usuaris poden exercir els seus drets d&#8217;acc\u00e9s, rectificaci\u00f3, supressi\u00f3 i portabilitat de les seves dades; i la limitaci\u00f3 o oposici\u00f3 al seu tractament previstos en el Reglament (UE) 2016\/679 del Parlament Europeu i del Consell del 27 d&#8217;abril de 2016 relatiu a la Protecci\u00f3 de les Persones F\u00edsiques respecte al tractament de dades personals i a la lliure circulaci\u00f3 de dades (d&#8217;ara endavant RGPD) i la Llei Org\u00e0nica 15\/1999, de 13 de desembre, de Protecci\u00f3 de Dades de Car\u00e0cter Personal dirigint una comunicaci\u00f3 per escrit al domicili social d&#8217;INSTITUT TAPIA en C\/ Dr. Trueta, 11 6\u00ba 1\u00aa, 08005 BARCELONA o b\u00e9, a l&#8217;adre\u00e7a de correu electr\u00f2nic info@institutotapia.com , incloent en tots dos casos fotocopia del seu DNI o un altre document identificatiu similar.<\/p>\n<h2>XARXES SOCIALS<\/h2>\n<p>INSTITUT TAPIA, al moment en qu\u00e8 estigui present a les principals xarxes socials: Facebook, Twitter, Google+,Instagram, Linkedin, pot assumir el paper de Responsable del Tractament de les dades abocades en els seus perfils derivat d&#8217;amics, likes, followers o seguidors, comentaris, pines, etc.<\/p>\n<p>L&#8217;usuari accepta expressament estar sotm\u00e8s a les condicions i termes que, en mat\u00e8ria de privadesa, disposen les diferents xarxes socials o plataformes on INSTITUT TAPIA estigui present, facultant a aquest a utilitzar els mitjans que les mateixes xarxes li permet per informar als usuaris sobre les diferents activitats i serveis que realitza.<\/p>\n<h2>NEWSLETTER<\/h2>\n<p>INSTITUT TAPIA podr\u00e0 oferir de manera gratu\u00efta als usuaris el servei de Newsletter, que consisteix en l&#8217;enviament peri\u00f2dic de not\u00edcies i comunicacions comercials relacionades amb l&#8217;activitat d&#8217;INSTITUT TAPIA.<\/p>\n<h2>MODIFICACIONS<\/h2>\n<p>La present Pol\u00edtica de Privadesa podr\u00e0 ser actualitzada a qualsevol moment sobre la base de les necessitats pr\u00f2pies de la website i futurs canvis legislatius en mat\u00e8ria de privadesa, reservant-se INSTITUT TAPIA aquest dret en exclusiva.<\/p>\n<h2>DADES DE CONTACTE<\/h2>\n<p>INSTITUT TAPIA<br \/>\nPl. Alfonso Com\u00edn, 5-7, 2\u00aa planta, Consulta 217-218<br \/>\n08023 Barcelona, Espanya<br \/>\nwww.institutotapia.com<\/p>\n<h2>ACCIONS LEGALS, LEGISLACI\u00d3 APLICABLE I JURISDICCI\u00d3<\/h2>\n<p>INSTITUT TAPIA es reserva, aix\u00ed mateix, la facultat de presentar les accions civils o penals que consideri oportunes per la utilitzaci\u00f3 indeguda del seu lloc web i continguts, o per l&#8217;incompliment de les presents condicions.<\/p>\n<p>La relaci\u00f3 entre l&#8217;usuari i el prestador es regir\u00e0 per la normativa vigent i d&#8217;aplicaci\u00f3 al territori espanyol. De sorgir qualsevol controv\u00e8rsia les parts podran sotmetre els seus conflictes a arbitratge o acudir a la jurisdicci\u00f3 ordin\u00e0ria complint amb les normes sobre jurisdicci\u00f3 i compet\u00e8ncia sobre aquest tema.<\/p>\n<p>INSTITUT TAPIA t\u00e9 el seu domicili a BARCELONA, Espanya.<\/p>\n","protected":false},"excerpt":{"rendered":"<p>INSTITUT TAPIA SLP (d&#8217;ara endavant INSTITUT TAPIA), t\u00e9 com a objectiu respectar la privadesa dels seus usuaris i protegir les dades de car\u00e0cter personal que aquests puguin facilitar a trav\u00e9s dels formularis facilitats en o a trav\u00e9s de qualsevol forma de contacte referida a la p\u00e0gina web. L&#8217;usuari consent expressa i inequ\u00edvocament que aquelles dades [&hellip;]<\/p>\n","protected":false},"author":3,"featured_media":0,"parent":0,"menu_order":0,"comment_status":"closed","ping_status":"closed","template":"","meta":{"_acf_changed":false,"_joinchat":[],"footnotes":""},"class_list":["post-669","page","type-page","status-publish","hentry"],"acf":[],"_links":{"self":[{"href":"https:\/\/institutotapia.com\/ca\/wp-json\/wp\/v2\/pages\/669","targetHints":{"allow":["GET"]}}],"collection":[{"href":"https:\/\/institutotapia.com\/ca\/wp-json\/wp\/v2\/pages"}],"about":[{"href":"https:\/\/institutotapia.com\/ca\/wp-json\/wp\/v2\/types\/page"}],"author":[{"embeddable":true,"href":"https:\/\/institutotapia.com\/ca\/wp-json\/wp\/v2\/users\/3"}],"replies":[{"embeddable":true,"href":"https:\/\/institutotapia.com\/ca\/wp-json\/wp\/v2\/comments?post=669"}],"version-history":[{"count":3,"href":"https:\/\/institutotapia.com\/ca\/wp-json\/wp\/v2\/pages\/669\/revisions"}],"predecessor-version":[{"id":868,"href":"https:\/\/institutotapia.com\/ca\/wp-json\/wp\/v2\/pages\/669\/revisions\/868"}],"wp:attachment":[{"href":"https:\/\/institutotapia.com\/ca\/wp-json\/wp\/v2\/media?parent=669"}],"curies":[{"name":"wp","href":"https:\/\/api.w.org\/{rel}","templated":true}]}}