{"id":665,"date":"2018-08-14T10:30:17","date_gmt":"2018-08-14T10:30:17","guid":{"rendered":"https:\/\/institutotapia.com\/aviso-legal\/"},"modified":"2018-11-26T21:27:24","modified_gmt":"2018-11-26T21:27:24","slug":"avis-legal","status":"publish","type":"page","link":"https:\/\/institutotapia.com\/ca\/avis-legal\/","title":{"rendered":"Av\u00eds legal"},"content":{"rendered":"<p>En compliment de la Llei 34\/2002, d&#8217;11 de juliol, de Serveis de la Societat de la Informaci\u00f3 i de Comer\u00e7 Electr\u00f2nic (LSSI-CE), INSTITUTO TAPIA\u00a0SLP, d&#8217;ara endavant INSTITUTO TAPIA, informa que \u00e9s titular del lloc web www.institutotapia.com. D&#8217;acord amb l&#8217;exig\u00e8ncia de l&#8217;article 10 de la citada Llei, INSTITUTO TAPIA informa de les seg\u00fcents dades:<\/p>\n<p>El titular d&#8217;aquest lloc web \u00e9s INSTITUTO TAPIA\u00a0SLP\u00a0, amb CIF B66065400 i domicili social en C\/ Dr. Trueta, 11 6\u00ba 1\u00aa, 08005 BARCELONA, inscrita en el Registre Mercantil, en el volum 43882, Foli 154 , Secci\u00f3 8, Full B 440914, Inscripci\u00f3 1. L&#8217;adre\u00e7a de correu electr\u00f2nic de contacte amb l&#8217;empresa \u00e9s: info@institutotapia.com.<\/p>\n<h2>USUARI I R\u00c8GIM DE RESPONSABILITATS<\/h2>\n<p>La navegaci\u00f3, acc\u00e9s i \u00fas pel lloc web d&#8217;INSTITUTO TAPIA, confereix la condici\u00f3 d&#8217;usuari, per la qual s&#8217;accepten, des de la navegaci\u00f3 pel lloc web d&#8217;INSTITUTO TAPIA, totes les condicions d&#8217;\u00fas aqu\u00ed establertes sense perjudici de l&#8217;aplicaci\u00f3 de la corresponent normativa d&#8217;obligat compliment legal segons el cas.<\/p>\n<p>El lloc web d&#8217;INSTITUTO TAPIA, proporciona gran diversitat d&#8217;informaci\u00f3, serveis i dades. L&#8217;usuari assumeix la seva responsabilitat en l&#8217;\u00fas correcte del lloc web. Aquesta responsabilitat s&#8217;estendr\u00e0 a:<\/p>\n<ul>\n<li>La veracitat i licitud de les informacions aportades per l&#8217;usuari en els formularis estesos per INSTITUTO TAPIA, per a l&#8217;acc\u00e9s a certs continguts o serveis oferts pel web.<\/li>\n<li>L&#8217;\u00fas de la informaci\u00f3, serveis i dades ofertes per INSTITUTO TAPIA, contr\u00e0riament al que es disposa per les presents condicions, la Llei, la moral, els bons costums o l&#8217;ordre p\u00fablic, o que de qualsevol altra manera puguin suposar lesi\u00f3 dels drets de tercers o del mateix funcionament del lloc web.<\/li>\n<\/ul>\n<h2>POL\u00cdTICA D&#8217;ENLLA\u00c7OS I EXEMPCIONS DE RESPONSABILITAT<\/h2>\n<p>INSTITUTO TAPIA no es fa responsable del contingut dels llocs web als quals l&#8217;usuari pugui accedir a trav\u00e9s dels enlla\u00e7os establerts en el seu lloc web i declara que en cap cas procedir\u00e0 a examinar o exercitar cap tipus de control sobre el contingut d&#8217;altres llocs de la xarxa. Aix\u00ed mateix, tampoc garantir\u00e0 la disponibilitat t\u00e8cnica, exactitud, veracitat, validesa o legalitat de llocs aliens a la seva propietat als quals es pugui accedir per mitj\u00e0 dels enlla\u00e7os.<\/p>\n<p>INSTITUTO TAPIA declara haver adoptat totes les mesures necess\u00e0ries per evitar qualsevol dany als usuaris del seu lloc web, que poguessin derivar-se de la navegaci\u00f3 pel seu lloc web. En conseq\u00fc\u00e8ncia,INSTITUT TAPIA, no es fa responsable, en cap cas, dels eventuals danys que per la navegaci\u00f3 per Internet pogu\u00e9s sofrir l&#8217;usuari.<\/p>\n<h2>MODIFICACIONS<\/h2>\n<p>INSTITUTO TAPIA es reserva el dret a realitzar les modificacions que consideri oportunes, sense av\u00eds previ, en el contingut del seu lloc web. Tant referent als continguts del lloc web, com en les condicions d&#8217;\u00fas del mateix. Aquestes modificacions podran realitzar-se a trav\u00e9s del seu lloc web per qualsevol forma admissible en dret i seran d&#8217;obligat compliment durant el temps en qu\u00e8 es trobin publicades a la web i fins que no siguin modificades v\u00e0lidament per altres posteriors.<\/p>\n<h2>PROPIETAT INTEL\u00b7LECTUAL I INDUSTRIAL<\/h2>\n<p>INSTITUTO TAPIA per si mateixa o com a cession\u00e0ria, \u00e9s titular de tots els drets de propietat intel\u00b7lectual i industrial de la seva p\u00e0gina web, aix\u00ed com dels elements continguts en la mateixa (a t\u00edtol enunciatiu, imatges, so, \u00e0udio, v\u00eddeo, disseny, textos; marques, logotips, combinacions de colors, estructura i disseny, selecci\u00f3 de materials usats, etc.), titularitat d&#8217;INSTITUT TAPIA. Seran, per tant, obres protegides com a propietat intel\u00b7lectual per l&#8217;ordenament jur\u00eddic espanyol, sent-los aplicables tant la normativa espanyola i comunit\u00e0ria en aquest camp, com els tractats internacionals relatius a la mat\u00e8ria i subscrits per Espanya.<\/p>\n<p>Tots els drets reservats. En virtut del que es disposa en els articles 8 i 32.1, par\u00e0graf segon, de la Llei de Propietat Intel\u00b7lectual, queden expressament prohibides la reproducci\u00f3, la distribuci\u00f3 i la comunicaci\u00f3 p\u00fablica, inclosa la seva modalitat de posada a disposici\u00f3, de la totalitat o part dels continguts d&#8217;aquesta p\u00e0gina web, amb finalitats comercials, en qualsevol suport i per qualsevol mitj\u00e0 t\u00e8cnic, sense l&#8217;autoritzaci\u00f3 d&#8217;INSTITUT TAPIA.<\/p>\n<p>L&#8217;usuari es compromet a respectar els drets de Propietat Intel\u00b7lectual i Industrial titularitat d&#8217;INSTITUT TAPIA. Podr\u00e0 visualitzar els elements del portal i fins i tot imprimir-los, copiar-los i emmagatzemar-los en el disc dur del seu ordinador o en qualsevol altre suport f\u00edsic sempre que sigui, \u00fanica i exclusivament, per al seu \u00fas personal i privat. L&#8217;usuari haur\u00e0 d&#8217;abstenir-se de suprimir, alterar, eludir o manipular qualsevol dispositiu de protecci\u00f3 o sistema de seguretat que estigu\u00e9s instal\u00b7lat a les p\u00e0gines d&#8217;INSTITUT TAPIA.<\/p>\n","protected":false},"excerpt":{"rendered":"<p>En compliment de la Llei 34\/2002, d&#8217;11 de juliol, de Serveis de la Societat de la Informaci\u00f3 i de Comer\u00e7 Electr\u00f2nic (LSSI-CE), INSTITUTO TAPIA\u00a0SLP, d&#8217;ara endavant INSTITUTO TAPIA, informa que \u00e9s titular del lloc web www.institutotapia.com. D&#8217;acord amb l&#8217;exig\u00e8ncia de l&#8217;article 10 de la citada Llei, INSTITUTO TAPIA informa de les seg\u00fcents dades: El titular [&hellip;]<\/p>\n","protected":false},"author":3,"featured_media":0,"parent":0,"menu_order":0,"comment_status":"closed","ping_status":"closed","template":"","meta":{"_acf_changed":false,"_joinchat":[],"footnotes":""},"class_list":["post-665","page","type-page","status-publish","hentry"],"acf":[],"_links":{"self":[{"href":"https:\/\/institutotapia.com\/ca\/wp-json\/wp\/v2\/pages\/665","targetHints":{"allow":["GET"]}}],"collection":[{"href":"https:\/\/institutotapia.com\/ca\/wp-json\/wp\/v2\/pages"}],"about":[{"href":"https:\/\/institutotapia.com\/ca\/wp-json\/wp\/v2\/types\/page"}],"author":[{"embeddable":true,"href":"https:\/\/institutotapia.com\/ca\/wp-json\/wp\/v2\/users\/3"}],"replies":[{"embeddable":true,"href":"https:\/\/institutotapia.com\/ca\/wp-json\/wp\/v2\/comments?post=665"}],"version-history":[{"count":4,"href":"https:\/\/institutotapia.com\/ca\/wp-json\/wp\/v2\/pages\/665\/revisions"}],"predecessor-version":[{"id":863,"href":"https:\/\/institutotapia.com\/ca\/wp-json\/wp\/v2\/pages\/665\/revisions\/863"}],"wp:attachment":[{"href":"https:\/\/institutotapia.com\/ca\/wp-json\/wp\/v2\/media?parent=665"}],"curies":[{"name":"wp","href":"https:\/\/api.w.org\/{rel}","templated":true}]}}